{"id":20315,"date":"2025-10-30T13:34:58","date_gmt":"2025-10-30T13:34:58","guid":{"rendered":"https:\/\/landsea.pt\/?page_id=20315"},"modified":"2025-10-30T13:37:55","modified_gmt":"2025-10-30T13:37:55","slug":"book-form","status":"publish","type":"page","link":"https:\/\/landsea.pt\/pt\/book-form\/","title":{"rendered":"Reservar agora"},"content":{"rendered":"<div data-elementor-type=\"wp-page\" data-elementor-id=\"20315\" class=\"elementor elementor-20315\">\n\t\t\t\t\t\t<div class=\"elementor-inner\">\n\t\t\t\t<div class=\"elementor-section-wrap\">\n\t\t\t\t\t\t\t\t\t<section class=\"elementor-section elementor-top-section elementor-element elementor-element-f1a380f elementor-section-full_width elementor-section-height-default elementor-section-height-default sc_fly_static\" data-id=\"f1a380f\" data-element_type=\"section\">\n\t\t\t\t\t\t<div class=\"elementor-container elementor-column-gap-extended\">\n\t\t\t\t\t\t\t<div class=\"elementor-row\">\n\t\t\t\t\t<div class=\"elementor-column elementor-col-100 elementor-top-column elementor-element elementor-element-f4179e5 sc_inner_width_none sc_content_align_inherit sc_layouts_column_icons_position_left sc_fly_static\" data-id=\"f4179e5\" data-element_type=\"column\">\n\t\t\t<div class=\"elementor-column-wrap elementor-element-populated\">\n\t\t\t\t\t\t\t<div class=\"elementor-widget-wrap\">\n\t\t\t\t\t\t<div class=\"elementor-element elementor-element-3656ca9 sc_fly_static elementor-widget elementor-widget-shortcode\" data-id=\"3656ca9\" data-element_type=\"widget\" data-widget_type=\"shortcode.default\">\n\t\t\t\t<div class=\"elementor-widget-container\">\n\t\t\t\t\t<div class=\"elementor-shortcode\"><div class=\"everest-forms\"><div class=\"evf-container default\" id=\"evf-20314\"><form id=\"evf-form-20314\" class=\"everest-form\" data-formid=\"20314\" data-ajax_submission=\"0\" data-keyboard_friendly_form=\"0\" data-form_state_type=\"\" method=\"post\" enctype=\"multipart\/form-data\" action=\"\/pt\/wp-json\/wp\/v2\/pages\/20315\" data-trp-original-action=\"\/pt\/wp-json\/wp\/v2\/pages\/20315\"><div class=\"evf-field-container\"><input type=\"hidden\" id=\"_wpnonce20314\" name=\"_wpnonce20314\" value=\"de6b5aeabc\" \/><input type=\"hidden\" name=\"_wp_http_referer\" value=\"\/pt\/wp-json\/wp\/v2\/pages\/20315\" \/><div class=\"evf-frontend-row\" data-row=\"row_1\" conditional_rules=\"[]\"><div class=\"evf-frontend-grid evf-grid-2\" data-grid=\"grid_1\"><div id=\"evf-20314-field_ys0GeZISRs-1-container\" class=\"evf-field evf-field-first-name form-row validate-required\" data-required-field-message=\"This field is required.\" data-field-id=\"ys0GeZISRs-1\"><label class=\"evf-field-label\" for=\"evf-20314-field_ys0GeZISRs-1\"><span class=\"evf-label\">Nome<\/span> <abbr class=\"required\" title=\"Required\">*<\/abbr><\/label><input type=\"text\" id=\"evf-20314-field_ys0GeZISRs-1\" class=\"input-text\" name=\"everest_forms[form_fields][ys0GeZISRs-1]\" required><\/div><div id=\"evf-20314-field_lYxlLKjnAA-6-container\" class=\"evf-field evf-field-phone form-row validate-phone\" data-field-id=\"lYxlLKjnAA-6\"><label class=\"evf-field-label\" for=\"evf-20314-field_lYxlLKjnAA-6\"><span class=\"evf-label\">Telem\u00f3vel<\/span> <\/label><input type=\"tel\" id=\"evf-20314-field_lYxlLKjnAA-6\" class=\"input-text evf-smart-phone-field\" data-rule-smart-phone-field=\"true\" name=\"everest_forms[form_fields][lYxlLKjnAA-6]\" ><\/div><\/div><div class=\"evf-frontend-grid evf-grid-2\" data-grid=\"grid_2\"><div id=\"evf-20314-field_YGPrnEiQPk-7-container\" class=\"evf-field evf-field-last-name form-row\" data-field-id=\"YGPrnEiQPk-7\"><label class=\"evf-field-label\" for=\"evf-20314-field_YGPrnEiQPk-7\"><span class=\"evf-label\">Apelido<\/span> <\/label><input type=\"text\" id=\"evf-20314-field_YGPrnEiQPk-7\" class=\"input-text\" name=\"everest_forms[form_fields][YGPrnEiQPk-7]\" ><\/div><div id=\"evf-20314-field_LbH5NxasXM-2-container\" class=\"evf-field evf-field-email form-row validate-required validate-email\" data-required-field-message=\"Please enter a valid email address.\" data-field-id=\"LbH5NxasXM-2\"><label class=\"evf-field-label\" for=\"evf-20314-field_LbH5NxasXM-2\"><span class=\"evf-label\">Email<\/span> <abbr class=\"required\" title=\"Required\">*<\/abbr><\/label><input type=\"email\" id=\"evf-20314-field_LbH5NxasXM-2\" class=\"input-text\" name=\"everest_forms[form_fields][LbH5NxasXM-2]\" required><\/div><\/div><\/div><div class=\"evf-frontend-row\" data-row=\"row_2\" conditional_rules=\"[]\"><div class=\"evf-frontend-grid evf-grid-1\" data-grid=\"grid_1\"><div id=\"evf-20314-field_weTqUpDkRS-8-container\" class=\"evf-field evf-field-date-time form-row validate-required\" data-required-field-message=\"This field is required.\" data-field-id=\"weTqUpDkRS-8\"><label class=\"evf-field-label\" for=\"evf-20314-field_weTqUpDkRS-8\"><span class=\"evf-label\">Date \/ Time<\/span> <abbr class=\"required\" title=\"Required\">*<\/abbr><\/label><input type=\"text\" id=\"evf-20314-field_weTqUpDkRS-8\" class=\"flatpickr-field input-text\" name=\"everest_forms[form_fields][weTqUpDkRS-8]\" data-time-interval=\"15\" data-date-time=\"date-time\" data-mode=\"single\" data-locale=\"en\" data-date-format=\"Y-m-d h:i K\" required><div class=\"evf-field-description\">Ser\u00e1 contatado pela nossa tripula\u00e7\u00e3o a confirmar a disponibilidade.<\/div><\/div><div id=\"evf-20314-field_NEAQGFXhLB-5-container\" class=\"evf-field evf-field-select form-row validate-required\" data-required-field-message=\"This field is required.\" data-field-id=\"NEAQGFXhLB-5\"><label class=\"evf-field-label\" for=\"evf-20314-field_NEAQGFXhLB-5\"><span class=\"evf-label\">Trip<\/span> <abbr class=\"required\" title=\"Required\">*<\/abbr><\/label><select id=\"evf-20314-field_NEAQGFXhLB-5\" class=\"input-text evf-field-required\" name=\"everest_forms[form_fields][NEAQGFXhLB-5]\" required=\"required\" ><option value=\"Silver Rio\" >Silver Rio<\/option><option value=\"Gold Relax\" >Gold Relax<\/option><option value=\"Bronze Rio\" >Bronze Rio<\/option><option value=\"Gold Mar\" >Gold Mar<\/option><\/select><div class=\"evf-field-description\">Escolha a passeio que pretende.<\/div><\/div><div id=\"evf-20314-field_yhGx3FOwr2-4-container\" class=\"evf-field evf-field-textarea form-row\" data-field-id=\"yhGx3FOwr2-4\"><label class=\"evf-field-label\" for=\"evf-20314-field_yhGx3FOwr2-4\"><span class=\"evf-label\">Mensagem<\/span> <\/label><textarea id=\"evf-20314-field_yhGx3FOwr2-4\" class=\"input-text\" name=\"everest_forms[form_fields][yhGx3FOwr2-4]\"  ><\/textarea><\/div><\/div><\/div><\/div><div class=\"evf-honeypot-container evf-field-hp\"><label for=\"evf-20314-field-hp\" class=\"evf-field-label\">Mensagem<\/label><input type=\"text\" name=\"everest_forms[hp]\" id=\"evf-20314-field-hp\" class=\"input-text\"><\/div><div class=\"evf-submit-container\" ><input type=\"hidden\" name=\"everest_forms[id]\" value=\"20314\"><input type=\"hidden\" name=\"everest_forms[author]\" value=\"1\"><button type='submit' name='everest_forms[submit]' class='everest-forms-submit-button button evf-submit' id='evf-submit-20314' value='evf-submit' data-process-text=\"Processing\u2026\" conditional_rules='&quot;&quot;' conditional_id='evf-submit-20314'  aria-live=\"assertive\">Enviar<\/button><\/div><input type=\"hidden\" name=\"trp-form-language\" value=\"pt\"\/><\/form><\/div><!-- .evf-container --><\/div> <\/div>\n\t\t\t\t<\/div>\n\t\t\t\t<\/div>\n\t\t\t\t\t\t<\/div>\n\t\t\t\t\t<\/div>\n\t\t<\/div>\n\t\t\t\t\t\t\t\t<\/div>\n\t\t\t\t\t<\/div>\n\t\t<\/section>\n\t\t\t\t\t\t\t\t\t<\/div>\n\t\t\t<\/div>\n\t\t\t\t\t<\/div>","protected":false},"excerpt":{"rendered":"","protected":false},"author":1,"featured_media":0,"parent":0,"menu_order":0,"comment_status":"closed","ping_status":"closed","template":"elementor_header_footer","meta":{"_regular_price":[],"currency_symbol":[],"_themeisle_gutenberg_block_has_review":false,"footnotes":""},"class_list":["post-20315","page","type-page","status-publish","hentry"],"post_slider_layout_featured_media_urls":{"thumbnail":"","post_slider_layout_landscape_large":"","post_slider_layout_portrait_large":"","post_slider_layout_square_large":"","post_slider_layout_landscape":"","post_slider_layout_portrait":"","post_slider_layout_square":"","full":""},"_links":{"self":[{"href":"https:\/\/landsea.pt\/pt\/wp-json\/wp\/v2\/pages\/20315","targetHints":{"allow":["GET"]}}],"collection":[{"href":"https:\/\/landsea.pt\/pt\/wp-json\/wp\/v2\/pages"}],"about":[{"href":"https:\/\/landsea.pt\/pt\/wp-json\/wp\/v2\/types\/page"}],"author":[{"embeddable":true,"href":"https:\/\/landsea.pt\/pt\/wp-json\/wp\/v2\/users\/1"}],"replies":[{"embeddable":true,"href":"https:\/\/landsea.pt\/pt\/wp-json\/wp\/v2\/comments?post=20315"}],"version-history":[{"count":4,"href":"https:\/\/landsea.pt\/pt\/wp-json\/wp\/v2\/pages\/20315\/revisions"}],"predecessor-version":[{"id":20319,"href":"https:\/\/landsea.pt\/pt\/wp-json\/wp\/v2\/pages\/20315\/revisions\/20319"}],"wp:attachment":[{"href":"https:\/\/landsea.pt\/pt\/wp-json\/wp\/v2\/media?parent=20315"}],"curies":[{"name":"wp","href":"https:\/\/api.w.org\/{rel}","templated":true}]}}