{"id":18033,"date":"2021-10-15T08:10:23","date_gmt":"2021-10-15T08:10:23","guid":{"rendered":"https:\/\/landsea.pt\/?page_id=18033"},"modified":"2025-11-04T15:53:14","modified_gmt":"2025-11-04T15:53:14","slug":"booknow","status":"publish","type":"page","link":"https:\/\/landsea.pt\/pt\/booknow\/","title":{"rendered":"Passeios"},"content":{"rendered":"<div data-elementor-type=\"wp-page\" data-elementor-id=\"18033\" class=\"elementor elementor-18033\">\n\t\t\t\t\t\t<div class=\"elementor-inner\">\n\t\t\t\t<div class=\"elementor-section-wrap\">\n\t\t\t\t\t\t\t\t\t<section class=\"elementor-section elementor-top-section elementor-element elementor-element-6bfa2ab1 elementor-section-boxed elementor-section-height-default elementor-section-height-default sc_fly_static\" data-id=\"6bfa2ab1\" data-element_type=\"section\">\n\t\t\t\t\t\t<div class=\"elementor-container elementor-column-gap-extended\">\n\t\t\t\t\t\t\t<div class=\"elementor-row\">\n\t\t\t\t\t<div class=\"elementor-column elementor-col-33 elementor-top-column elementor-element elementor-element-56cf4a7b sc_inner_width_none sc_content_align_inherit sc_layouts_column_icons_position_left sc_fly_static\" data-id=\"56cf4a7b\" data-element_type=\"column\">\n\t\t\t<div class=\"elementor-column-wrap elementor-element-populated\">\n\t\t\t\t\t\t\t<div class=\"elementor-widget-wrap\">\n\t\t\t\t\t\t<div class=\"elementor-element elementor-element-342ee852 sc_fly_static elementor-widget elementor-widget-trx_sc_title\" data-id=\"342ee852\" data-element_type=\"widget\" data-widget_type=\"trx_sc_title.default\">\n\t\t\t\t<div class=\"elementor-widget-container\">\n\t\t\t<div\t\tclass=\"sc_title sc_title_default\" ><h1 class=\"sc_item_title sc_title_title sc_item_title_style_default sc_item_title_tag\"\n\t\t\t><span class=\"sc_item_title_text\">Idiomas<\/span><\/h1><\/div>\t\t<\/div>\n\t\t\t\t<\/div>\n\t\t\t\t<div class=\"elementor-element elementor-element-6df9a23c sc_fly_static elementor-widget elementor-widget-spacer\" data-id=\"6df9a23c\" data-element_type=\"widget\" data-widget_type=\"spacer.default\">\n\t\t\t\t<div class=\"elementor-widget-container\">\n\t\t\t\t\t<div class=\"elementor-spacer\">\n\t\t\t<div class=\"elementor-spacer-inner\"><\/div>\n\t\t<\/div>\n\t\t\t\t<\/div>\n\t\t\t\t<\/div>\n\t\t\t\t<div class=\"elementor-element elementor-element-297b74ec sc_fly_static elementor-widget elementor-widget-text-editor\" data-id=\"297b74ec\" data-element_type=\"widget\" data-widget_type=\"text-editor.default\">\n\t\t\t\t<div class=\"elementor-widget-container\">\n\t\t\t\t\t\t\t\t<div class=\"elementor-text-editor elementor-clearfix\">\n\t\t\t\t<ul class=\"trx_addons_list_success\"><li>Portugu\u00eas<\/li><li>Espanhol<\/li><li>Franc\u00eas<\/li><li>Ingl\u00eas<\/li><li>Italiano<\/li><\/ul>\t\t\t\t\t<\/div>\n\t\t\t\t\t\t<\/div>\n\t\t\t\t<\/div>\n\t\t\t\t\t\t<\/div>\n\t\t\t\t\t<\/div>\n\t\t<\/div>\n\t\t\t\t<div class=\"elementor-column elementor-col-66 elementor-top-column elementor-element elementor-element-523ae216 sc_inner_width_none sc_content_align_inherit sc_layouts_column_icons_position_left sc_fly_static\" data-id=\"523ae216\" data-element_type=\"column\">\n\t\t\t<div class=\"elementor-column-wrap elementor-element-populated\">\n\t\t\t\t\t\t\t<div class=\"elementor-widget-wrap\">\n\t\t\t\t\t\t<div class=\"elementor-element elementor-element-4b50cd99 sc_fly_static elementor-widget elementor-widget-spacer\" data-id=\"4b50cd99\" data-element_type=\"widget\" data-widget_type=\"spacer.default\">\n\t\t\t\t<div class=\"elementor-widget-container\">\n\t\t\t\t\t<div class=\"elementor-spacer\">\n\t\t\t<div class=\"elementor-spacer-inner\"><\/div>\n\t\t<\/div>\n\t\t\t\t<\/div>\n\t\t\t\t<\/div>\n\t\t\t\t<div class=\"elementor-element elementor-element-576a0ec1 sc_fly_static elementor-widget elementor-widget-heading\" data-id=\"576a0ec1\" data-element_type=\"widget\" data-widget_type=\"heading.default\">\n\t\t\t\t<div class=\"elementor-widget-container\">\n\t\t\t<h4 class=\"elementor-heading-title elementor-size-default\">Escolha o passeio que mais enquadra no que procura<\/h4>\t\t<\/div>\n\t\t\t\t<\/div>\n\t\t\t\t<div class=\"elementor-element elementor-element-1312c569 sc_fly_static elementor-widget elementor-widget-spacer\" data-id=\"1312c569\" data-element_type=\"widget\" data-widget_type=\"spacer.default\">\n\t\t\t\t<div class=\"elementor-widget-container\">\n\t\t\t\t\t<div class=\"elementor-spacer\">\n\t\t\t<div class=\"elementor-spacer-inner\"><\/div>\n\t\t<\/div>\n\t\t\t\t<\/div>\n\t\t\t\t<\/div>\n\t\t\t\t<div class=\"elementor-element elementor-element-6ba7d574 sc_fly_static elementor-widget elementor-widget-text-editor\" data-id=\"6ba7d574\" data-element_type=\"widget\" data-widget_type=\"text-editor.default\">\n\t\t\t\t<div class=\"elementor-widget-container\">\n\t\t\t\t\t\t\t\t<div class=\"elementor-text-editor elementor-clearfix\">\n\t\t\t\t<p>Todos os passeios de barco inclui um c\u00e1lice de vinho do Porto por passageiro. Ao longo do passeio, est\u00e3o incluindo bebidas, tais como \u00e1gua natural, \u00e1gua gasificada, refrigerantes, cerveja e caf\u00e9, bem como snacks, tais como, frutos secos, biscoitos e batata frita. Tripula\u00e7\u00e3o (mestre e marinheiro), seguro de responsabilidade civil, seguro de ocupantes, equipamentos de seguran\u00e7a e de salvamento.<\/p>\t\t\t\t\t<\/div>\n\t\t\t\t\t\t<\/div>\n\t\t\t\t<\/div>\n\t\t\t\t<div class=\"elementor-element elementor-element-43a6c455 sc_fly_static elementor-widget elementor-widget-spacer\" data-id=\"43a6c455\" data-element_type=\"widget\" data-widget_type=\"spacer.default\">\n\t\t\t\t<div class=\"elementor-widget-container\">\n\t\t\t\t\t<div class=\"elementor-spacer\">\n\t\t\t<div class=\"elementor-spacer-inner\"><\/div>\n\t\t<\/div>\n\t\t\t\t<\/div>\n\t\t\t\t<\/div>\n\t\t\t\t<div class=\"elementor-element elementor-element-453fd67f sc_fly_static elementor-widget elementor-widget-heading\" data-id=\"453fd67f\" data-element_type=\"widget\" data-widget_type=\"heading.default\">\n\t\t\t\t<div class=\"elementor-widget-container\">\n\t\t\t<h4 class=\"elementor-heading-title elementor-size-default\">Caracter\u00edsticas da embarca\u00e7\u00e3o<\/h4>\t\t<\/div>\n\t\t\t\t<\/div>\n\t\t\t\t<div class=\"elementor-element elementor-element-4be58b8c sc_fly_static elementor-widget elementor-widget-spacer\" data-id=\"4be58b8c\" data-element_type=\"widget\" data-widget_type=\"spacer.default\">\n\t\t\t\t<div class=\"elementor-widget-container\">\n\t\t\t\t\t<div class=\"elementor-spacer\">\n\t\t\t<div class=\"elementor-spacer-inner\"><\/div>\n\t\t<\/div>\n\t\t\t\t<\/div>\n\t\t\t\t<\/div>\n\t\t\t\t<div class=\"elementor-element elementor-element-77f6b52f sc_fly_static elementor-widget elementor-widget-text-editor\" data-id=\"77f6b52f\" data-element_type=\"widget\" data-widget_type=\"text-editor.default\">\n\t\t\t\t<div class=\"elementor-widget-container\">\n\t\t\t\t\t\t\t\t<div class=\"elementor-text-editor elementor-clearfix\">\n\t\t\t\t<p>Marca e Modelo: Invictus Yacht GT 320<br \/>Ano: 2021 | Comprimento: 9,95 m | Largura: 3,00 m | Calado: 0,90 m<br \/>Motores e Pot\u00eancia: 2 x 270 cv diesel<br \/>Dep\u00f3sito de combust\u00edvel: 640 L<br \/>Dep\u00f3sito de \u00e1gua: 150 L<br \/>Lota\u00e7\u00e3o: 6 passageiros + 2 tripulantes<br \/>1 quarto para 2 pessoas | 1 WC | 1 sala interior com mesa<br \/>2 frigor\u00edficos | 1 grelhador<br \/>Outdoor dining area<br \/>Sol\u00e1rio na popa | Sol\u00e1rio na proa<br \/>Duche exterior com \u00e1gua quente<br \/>Plataforma de banhos<br \/>GPS | Radio | VHF | Bluetooth | Internet<\/p>\t\t\t\t\t<\/div>\n\t\t\t\t\t\t<\/div>\n\t\t\t\t<\/div>\n\t\t\t\t\t\t<\/div>\n\t\t\t\t\t<\/div>\n\t\t<\/div>\n\t\t\t\t\t\t\t\t<\/div>\n\t\t\t\t\t<\/div>\n\t\t<\/section>\n\t\t\t\t<section class=\"elementor-section elementor-top-section elementor-element elementor-element-6aacc13d elementor-section-boxed elementor-section-height-default elementor-section-height-default sc_fly_static\" data-id=\"6aacc13d\" data-element_type=\"section\">\n\t\t\t\t\t\t<div class=\"elementor-container elementor-column-gap-extended\">\n\t\t\t\t\t\t\t<div class=\"elementor-row\">\n\t\t\t\t\t<div class=\"elementor-column elementor-col-100 elementor-top-column elementor-element elementor-element-78bcda4a sc_inner_width_none sc_content_align_inherit sc_layouts_column_icons_position_left sc_fly_static\" data-id=\"78bcda4a\" data-element_type=\"column\">\n\t\t\t<div class=\"elementor-column-wrap elementor-element-populated\">\n\t\t\t\t\t\t\t<div class=\"elementor-widget-wrap\">\n\t\t\t\t\t\t<div class=\"elementor-element elementor-element-6bf8b1b7 sc_height_large sc_fly_static elementor-widget elementor-widget-spacer\" data-id=\"6bf8b1b7\" data-element_type=\"widget\" data-widget_type=\"spacer.default\">\n\t\t\t\t<div class=\"elementor-widget-container\">\n\t\t\t\t\t<div class=\"elementor-spacer\">\n\t\t\t<div class=\"elementor-spacer-inner\"><\/div>\n\t\t<\/div>\n\t\t\t\t<\/div>\n\t\t\t\t<\/div>\n\t\t\t\t<div class=\"elementor-element elementor-element-403b91e sc_layouts_hide_on_tablet sc_layouts_hide_on_mobile sc_fly_static elementor-widget elementor-widget-spacer\" data-id=\"403b91e\" data-element_type=\"widget\" data-widget_type=\"spacer.default\">\n\t\t\t\t<div class=\"elementor-widget-container\">\n\t\t\t\t\t<div class=\"elementor-spacer\">\n\t\t\t<div class=\"elementor-spacer-inner\"><\/div>\n\t\t<\/div>\n\t\t\t\t<\/div>\n\t\t\t\t<\/div>\n\t\t\t\t\t\t<\/div>\n\t\t\t\t\t<\/div>\n\t\t<\/div>\n\t\t\t\t\t\t\t\t<\/div>\n\t\t\t\t\t<\/div>\n\t\t<\/section>\n\t\t\t\t<section class=\"elementor-section elementor-top-section elementor-element elementor-element-6f189bcb scheme_default elementor-section-boxed elementor-section-height-default elementor-section-height-default sc_fly_static\" data-id=\"6f189bcb\" data-element_type=\"section\" data-settings=\"{&quot;background_background&quot;:&quot;classic&quot;}\">\n\t\t\t\t\t\t<div class=\"elementor-container elementor-column-gap-extended\">\n\t\t\t\t\t\t\t<div class=\"elementor-row\">\n\t\t\t\t\t<div class=\"elementor-column elementor-col-100 elementor-top-column elementor-element elementor-element-5e3af572 sc_inner_width_none sc_content_align_inherit sc_layouts_column_icons_position_left sc_fly_static\" data-id=\"5e3af572\" data-element_type=\"column\">\n\t\t\t<div class=\"elementor-column-wrap elementor-element-populated\">\n\t\t\t\t\t\t\t<div class=\"elementor-widget-wrap\">\n\t\t\t\t\t\t<div class=\"elementor-element elementor-element-2539fcc7 sc_height_huge sc_fly_static elementor-widget elementor-widget-spacer\" data-id=\"2539fcc7\" data-element_type=\"widget\" data-widget_type=\"spacer.default\">\n\t\t\t\t<div class=\"elementor-widget-container\">\n\t\t\t\t\t<div class=\"elementor-spacer\">\n\t\t\t<div class=\"elementor-spacer-inner\"><\/div>\n\t\t<\/div>\n\t\t\t\t<\/div>\n\t\t\t\t<\/div>\n\t\t\t\t<div class=\"elementor-element elementor-element-49fd8f5 sc_layouts_hide_on_mobile sc_fly_static elementor-widget elementor-widget-spacer\" data-id=\"49fd8f5\" data-element_type=\"widget\" data-widget_type=\"spacer.default\">\n\t\t\t\t<div class=\"elementor-widget-container\">\n\t\t\t\t\t<div class=\"elementor-spacer\">\n\t\t\t<div class=\"elementor-spacer-inner\"><\/div>\n\t\t<\/div>\n\t\t\t\t<\/div>\n\t\t\t\t<\/div>\n\t\t\t\t<div data-mouse-helper=\"hover\" data-mouse-helper-hide-helper=\"0\" data-mouse-helper-centered=\"0\" data-mouse-helper-magnet=\"0\" data-mouse-helper-color=\"\" data-mouse-helper-bg-color=\"\" data-mouse-helper-bd-color=\"\" data-mouse-helper-bd-width=\"-1\" data-mouse-helper-mode=\"\" data-mouse-helper-axis=\"xy\" data-mouse-helper-delay=\"8\" data-mouse-helper-text=\"\" data-mouse-helper-text-size=\"\" data-mouse-helper-text-round=\"0\" data-mouse-helper-icon=\"\" data-mouse-helper-icon-size=\"\" data-mouse-helper-icon-color=\"\" data-mouse-helper-image=\"\" data-mouse-helper-layout=\"\" data-mouse-helper-callback=\"\" data-mouse-helper-hide-cursor=\"0\" class=\"elementor-element elementor-element-61c6afbe animated-slow sc_fly_static elementor-widget elementor-widget-trx_sc_price\" data-id=\"61c6afbe\" data-element_type=\"widget\" data-settings=\"{&quot;_animation&quot;:&quot;none&quot;}\" data-widget_type=\"trx_sc_price.default\">\n\t\t\t\t<div class=\"elementor-widget-container\">\n\t\t\t<div  \n\tclass=\"sc_price sc_price_default\"><div class=\"sc_price_columns_wrap sc_item_columns trx_addons_columns_wrap columns_padding_bottom columns_in_single_row\"><div class=\"trx_addons_column-1_4\"><div class=\"sc_price_item sc_price_item_default\">\n\t\t\t<div class=\"sc_price_item_label\">2 HORAS<\/div><div class=\"sc_price_item_icon sc_price_item_icon_type_ icon-buoys\"\n\t\t\t\t\t\t\t\t\t\t\t\t><span class=\"sc_icon_type_ icon-buoys\"\n\t\t\t\t\t\t\t\t\t\t\t\t\t\t\t><\/span><\/div><div class=\"sc_price_item_info\"><h3 class=\"sc_price_item_title\"><span>Silver Rio<\/span><\/h3><div class=\"sc_price_item_price\"><span class=\"sc_price_item_price_value\">325\u20ac<\/span><span class=\"sc_price_item_price_after\">+ IVA<\/span><\/div><div class=\"sc_price_item_details\"><p>Sa\u00edda da Douro Marina (Gaia) na dire\u00e7\u00e3o de montante do rio douro atravessando as v\u00e1rias pontes e regresso \u00e0 marina \u2013 a dura\u00e7\u00e3o do passeio \u00e9 de aproximadamente de 2 horas.<\/p><\/div><a href=\"https:\/\/landsea.pt\/pt\/book-form\/\" class=\"sc_price_item_link sc_button\">Reservar<\/a><\/div><!-- \/.sc_price_item_info --><\/div><\/div><div class=\"trx_addons_column-1_4\"><div class=\"sc_price_item sc_price_item_default\">\n\t\t\t<div class=\"sc_price_item_label\">3 HORAS<\/div><div class=\"sc_price_item_icon sc_price_item_icon_type_ icon-yacht\"\n\t\t\t\t\t\t\t\t\t\t\t\t><span class=\"sc_icon_type_ icon-yacht\"\n\t\t\t\t\t\t\t\t\t\t\t\t\t\t\t><\/span><\/div><div class=\"sc_price_item_info\"><h3 class=\"sc_price_item_title\"><span>Bronze Rio<\/span><\/h3><div class=\"sc_price_item_price\"><span class=\"sc_price_item_price_value\">450\u20ac<\/span><span class=\"sc_price_item_price_after\">+ IVA<\/span><\/div><div class=\"sc_price_item_details\"><p>Sa\u00edda da Douro Marina (Gaia) na dire\u00e7\u00e3o de montante do rio douro at\u00e9 \u00e0 praia de Avintes. No regresso, dirigimo-nos em dire\u00e7\u00e3o \u00e0 barra do douro, onde a embarca\u00e7\u00e3o entra no mar at\u00e9 uma milha da costa \u2013 a dura\u00e7\u00e3o do passeio \u00e9 de 3 horas.<\/p><\/div><a href=\"https:\/\/landsea.pt\/pt\/book-form\/\" class=\"sc_price_item_link sc_button\">Reservar<\/a><\/div><!-- \/.sc_price_item_info --><\/div><\/div><div class=\"trx_addons_column-1_4\"><div class=\"sc_price_item sc_price_item_default\">\n\t\t\t<div class=\"sc_price_item_label\">4 HORAS<\/div><div class=\"sc_price_item_icon sc_price_item_icon_type_ icon-air\"\n\t\t\t\t\t\t\t\t\t\t\t\t><span class=\"sc_icon_type_ icon-air\"\n\t\t\t\t\t\t\t\t\t\t\t\t\t\t\t><\/span><\/div><div class=\"sc_price_item_info\"><h3 class=\"sc_price_item_title\"><span>Gold Mar<\/span><\/h3><div class=\"sc_price_item_price\"><span class=\"sc_price_item_price_value\">725\u20ac<\/span><span class=\"sc_price_item_price_after\">+ IVA<\/span><\/div><div class=\"sc_price_item_details\"><p>Sa\u00edda da Douro Marina (Gaia) em dire\u00e7\u00e3o \u00e0 barra do douro com navega\u00e7\u00e3o exclusivamente no mar para desfrutar da costa na frente do Porto e Matosinhos, podendo relaxar, tomar banho de sol, experimentar mergulhar e poss\u00edvel avistamento de golfinhos. Na eventualidade de n\u00e3o haver condi\u00e7\u00f5es para entrar no mar o passeio acontece no rio douro at\u00e9 perto da barragem de Crestuma \u2013 a dura\u00e7\u00e3o do passeio \u00e9 de 4 horas.<\/p><\/div><a href=\"https:\/\/landsea.pt\/pt\/book-form\/\" class=\"sc_price_item_link sc_button\">GET NOW<\/a><\/div><!-- \/.sc_price_item_info --><\/div><\/div><div class=\"trx_addons_column-1_4\"><div class=\"sc_price_item sc_price_item_default\">\n\t\t\t<div class=\"sc_price_item_label\">8 HORAS<\/div><div class=\"sc_price_item_icon sc_price_item_icon_type_ icon-compass\"\n\t\t\t\t\t\t\t\t\t\t\t\t><span class=\"sc_icon_type_ icon-compass\"\n\t\t\t\t\t\t\t\t\t\t\t\t\t\t\t><\/span><\/div><div class=\"sc_price_item_info\"><h3 class=\"sc_price_item_title\"><span>Gold Relax<\/span><\/h3><div class=\"sc_price_item_price\"><span class=\"sc_price_item_price_value\">980\u20ac<\/span><span class=\"sc_price_item_price_after\">+ IVA<\/span><\/div><div class=\"sc_price_item_details\"><p>Sa\u00edda da Douro Marina na dire\u00e7\u00e3o montante do rio douro, com passagem pela eclusa de Crestuma at\u00e9 \u00e0 ilha dos amores (foz do rio Paiva (almo\u00e7o n\u00e3o inclu\u00eddo no pre\u00e7o). Regresso \u00e0 marina depois do almo\u00e7o \u2013 a dura\u00e7\u00e3o do passeio \u00e9 de aproximadamente 8 horas.<\/p><\/div><a href=\"https:\/\/landsea.pt\/pt\/book-form\/\" class=\"sc_price_item_link sc_button\">GET NOW<\/a><\/div><!-- \/.sc_price_item_info --><\/div><\/div><\/div><\/div><!-- \/.sc_price -->\t\t<\/div>\n\t\t\t\t<\/div>\n\t\t\t\t<div class=\"elementor-element elementor-element-b6bd271 sc_height_huge sc_fly_static elementor-widget elementor-widget-spacer\" data-id=\"b6bd271\" data-element_type=\"widget\" data-widget_type=\"spacer.default\">\n\t\t\t\t<div class=\"elementor-widget-container\">\n\t\t\t\t\t<div class=\"elementor-spacer\">\n\t\t\t<div class=\"elementor-spacer-inner\"><\/div>\n\t\t<\/div>\n\t\t\t\t<\/div>\n\t\t\t\t<\/div>\n\t\t\t\t\t\t<\/div>\n\t\t\t\t\t<\/div>\n\t\t<\/div>\n\t\t\t\t\t\t\t\t<\/div>\n\t\t\t\t\t<\/div>\n\t\t<\/section>\n\t\t\t\t\t\t\t\t\t<\/div>\n\t\t\t<\/div>\n\t\t\t\t\t<\/div>","protected":false},"excerpt":{"rendered":"<p>Languages Portuguese Spanish French English Italian Choose the tour that best fits what you\u2019re looking for. Every boat tour includes a glass of Port wine per passenger. Throughout the tour,&hellip;<\/p>","protected":false},"author":1,"featured_media":0,"parent":0,"menu_order":0,"comment_status":"closed","ping_status":"closed","template":"","meta":{"_regular_price":[],"currency_symbol":[],"_themeisle_gutenberg_block_has_review":false,"footnotes":""},"class_list":["post-18033","page","type-page","status-publish","hentry"],"post_slider_layout_featured_media_urls":{"thumbnail":"","post_slider_layout_landscape_large":"","post_slider_layout_portrait_large":"","post_slider_layout_square_large":"","post_slider_layout_landscape":"","post_slider_layout_portrait":"","post_slider_layout_square":"","full":""},"_links":{"self":[{"href":"https:\/\/landsea.pt\/pt\/wp-json\/wp\/v2\/pages\/18033","targetHints":{"allow":["GET"]}}],"collection":[{"href":"https:\/\/landsea.pt\/pt\/wp-json\/wp\/v2\/pages"}],"about":[{"href":"https:\/\/landsea.pt\/pt\/wp-json\/wp\/v2\/types\/page"}],"author":[{"embeddable":true,"href":"https:\/\/landsea.pt\/pt\/wp-json\/wp\/v2\/users\/1"}],"replies":[{"embeddable":true,"href":"https:\/\/landsea.pt\/pt\/wp-json\/wp\/v2\/comments?post=18033"}],"version-history":[{"count":75,"href":"https:\/\/landsea.pt\/pt\/wp-json\/wp\/v2\/pages\/18033\/revisions"}],"predecessor-version":[{"id":20400,"href":"https:\/\/landsea.pt\/pt\/wp-json\/wp\/v2\/pages\/18033\/revisions\/20400"}],"wp:attachment":[{"href":"https:\/\/landsea.pt\/pt\/wp-json\/wp\/v2\/media?parent=18033"}],"curies":[{"name":"wp","href":"https:\/\/api.w.org\/{rel}","templated":true}]}}