{"id":12954,"date":"2021-05-13T08:23:10","date_gmt":"2021-05-13T08:23:10","guid":{"rendered":"https:\/\/landsea.pt\/?page_id=12954"},"modified":"2023-06-21T11:53:13","modified_gmt":"2023-06-21T11:53:13","slug":"privacy-policy","status":"publish","type":"page","link":"https:\/\/landsea.pt\/pt\/privacy-policy\/","title":{"rendered":"Privacy Policy"},"content":{"rendered":"<div data-elementor-type=\"wp-page\" data-elementor-id=\"12954\" class=\"elementor elementor-12954\">\n\t\t\t\t\t\t<div class=\"elementor-inner\">\n\t\t\t\t<div class=\"elementor-section-wrap\">\n\t\t\t\t\t\t\t\t\t<section class=\"elementor-section elementor-top-section elementor-element elementor-element-2b1184b0 elementor-section-boxed elementor-section-height-default elementor-section-height-default sc_fly_static\" data-id=\"2b1184b0\" data-element_type=\"section\" data-settings=\"{&quot;background_background&quot;:&quot;classic&quot;}\">\n\t\t\t\t\t\t<div class=\"elementor-container elementor-column-gap-extended\">\n\t\t\t\t\t\t\t<div class=\"elementor-row\">\n\t\t\t\t\t<div class=\"elementor-column elementor-col-100 elementor-top-column elementor-element elementor-element-153e1c19 sc_inner_width_none sc_content_align_inherit sc_layouts_column_icons_position_left sc_fly_static\" data-id=\"153e1c19\" data-element_type=\"column\">\n\t\t\t<div class=\"elementor-column-wrap elementor-element-populated\">\n\t\t\t\t\t\t\t<div class=\"elementor-widget-wrap\">\n\t\t\t\t\t\t<div class=\"elementor-element elementor-element-54db29de sc_fly_static elementor-widget elementor-widget-text-editor\" data-id=\"54db29de\" data-element_type=\"widget\" data-widget_type=\"text-editor.default\">\n\t\t\t\t<div class=\"elementor-widget-container\">\n\t\t\t\t\t\t\t\t<div class=\"elementor-text-editor elementor-clearfix\">\n\t\t\t\t<p>Pol\u00edtica de Privacidade<\/p><p>Agradecemos por visitar o site da Landsea. Esta Pol\u00edtica de Privacidade descreve como lidamos com as informa\u00e7\u00f5es pessoais coletadas dos visitantes do nosso site.<\/p><p>1. Informa\u00e7\u00f5es coletadas<\/p><p>Durante a visita ao nosso site, podemos coletar informa\u00e7\u00f5es pessoais que voc\u00ea fornece voluntariamente, como nome, endere\u00e7o de e-mail, n\u00famero de telefone e informa\u00e7\u00f5es de pagamento, quando aplic\u00e1vel. Tamb\u00e9m podemos coletar informa\u00e7\u00f5es n\u00e3o pessoais, como endere\u00e7o IP, tipo de navegador, provedor de servi\u00e7os de Internet (ISP), p\u00e1ginas de refer\u00eancia\/sa\u00edda, tipo de plataforma, carimbo de data\/hora e dados de movimenta\u00e7\u00e3o no site.<\/p><p>2. Uso das informa\u00e7\u00f5es<\/p><p>As informa\u00e7\u00f5es pessoais coletadas s\u00e3o usadas para fornecer os servi\u00e7os solicitados e melhorar a experi\u00eancia do usu\u00e1rio em nosso site. Al\u00e9m disso, podemos usar essas informa\u00e7\u00f5es para enviar atualiza\u00e7\u00f5es, newsletters ou comunica\u00e7\u00f5es promocionais relacionadas aos nossos servi\u00e7os, desde que voc\u00ea tenha consentido previamente.<\/p><p>3. Compartilhamento de informa\u00e7\u00f5es<\/p><p>A Landsea n\u00e3o vende, aluga ou divulga suas informa\u00e7\u00f5es pessoais a terceiros, exceto quando exigido por lei ou com o seu consentimento pr\u00e9vio. Podemos compartilhar informa\u00e7\u00f5es n\u00e3o pessoais, agregadas e estat\u00edsticas sobre os visitantes do site para fins de an\u00e1lise e melhoria dos nossos servi\u00e7os.<\/p><p>4. Cookies e tecnologias similares<\/p><p>Utilizamos cookies e tecnologias similares para melhorar a sua experi\u00eancia em nosso site. Os cookies s\u00e3o pequenos arquivos de texto armazenados no seu dispositivo que nos permitem reconhecer o seu navegador e personalizar a sua visita. Voc\u00ea pode ajustar as configura\u00e7\u00f5es do seu navegador para recusar cookies, mas isso pode afetar a funcionalidade do site.<\/p><p>5. Links para sites de terceiros<\/p><p>Nosso site pode conter links para sites de terceiros. Esta Pol\u00edtica de Privacidade n\u00e3o se aplica a esses sites, portanto, recomendamos que voc\u00ea revise as pol\u00edticas de privacidade desses terceiros antes de fornecer qualquer informa\u00e7\u00e3o pessoal.<\/p><p>6. Seguran\u00e7a<\/p><p>Empregamos medidas de seguran\u00e7a adequadas para proteger as informa\u00e7\u00f5es pessoais coletadas contra acesso n\u00e3o autorizado, divulga\u00e7\u00e3o, altera\u00e7\u00e3o ou destrui\u00e7\u00e3o. No entanto, nenhum m\u00e9todo de transmiss\u00e3o pela internet ou de armazenamento eletr\u00f4nico \u00e9 100% seguro, e, portanto, n\u00e3o podemos garantir a sua seguran\u00e7a absoluta.<\/p><p>7. Seus direitos<\/p><p>Voc\u00ea tem o direito de acessar, corrigir ou excluir as suas informa\u00e7\u00f5es pessoais que mantemos. Se desejar exercer esses direitos ou tiver alguma d\u00favida ou preocupa\u00e7\u00e3o sobre a nossa Pol\u00edtica de Privacidade, entre em contato conosco utilizando as informa\u00e7\u00f5es de contato fornecidas abaixo.<\/p><p>8. Altera\u00e7\u00f5es nesta pol\u00edtica<\/p><p>Podemos atualizar esta Pol\u00edtica de Privacidade periodicamente. A vers\u00e3o mais recente ser\u00e1 publicada em nosso site, e quaisquer altera\u00e7\u00f5es entrar\u00e3o em vigor imediatamente ap\u00f3s a sua publica\u00e7\u00e3o.<\/p><p>9. Contato<\/p><p>Se voc\u00ea tiver alguma d\u00favida ou preocupa\u00e7\u00e3o sobre esta Pol\u00edtica de Privacidade ou sobre o processamento de suas informa\u00e7\u00f5es pessoais, entre em contato conosco atrav\u00e9s dos seguintes meios:<\/p><p>E-mail: geral@landsea.pt<\/p>\t\t\t\t\t<\/div>\n\t\t\t\t\t\t<\/div>\n\t\t\t\t<\/div>\n\t\t\t\t\t\t<\/div>\n\t\t\t\t\t<\/div>\n\t\t<\/div>\n\t\t\t\t\t\t\t\t<\/div>\n\t\t\t\t\t<\/div>\n\t\t<\/section>\n\t\t\t\t<section class=\"elementor-section elementor-top-section elementor-element elementor-element-7ef86bc8 elementor-section-boxed elementor-section-height-default elementor-section-height-default sc_fly_static\" data-id=\"7ef86bc8\" data-element_type=\"section\">\n\t\t\t\t\t\t<div class=\"elementor-container elementor-column-gap-extended\">\n\t\t\t\t\t\t\t<div class=\"elementor-row\">\n\t\t\t\t\t<div class=\"elementor-column elementor-col-100 elementor-top-column elementor-element elementor-element-19372eea sc_inner_width_none sc_content_align_inherit sc_layouts_column_icons_position_left sc_fly_static\" data-id=\"19372eea\" data-element_type=\"column\">\n\t\t\t<div class=\"elementor-column-wrap elementor-element-populated\">\n\t\t\t\t\t\t\t<div class=\"elementor-widget-wrap\">\n\t\t\t\t\t\t<div class=\"elementor-element elementor-element-690b98ed sc_fly_static elementor-widget elementor-widget-spacer\" data-id=\"690b98ed\" data-element_type=\"widget\" data-widget_type=\"spacer.default\">\n\t\t\t\t<div class=\"elementor-widget-container\">\n\t\t\t\t\t<div class=\"elementor-spacer\">\n\t\t\t<div class=\"elementor-spacer-inner\"><\/div>\n\t\t<\/div>\n\t\t\t\t<\/div>\n\t\t\t\t<\/div>\n\t\t\t\t\t\t<\/div>\n\t\t\t\t\t<\/div>\n\t\t<\/div>\n\t\t\t\t\t\t\t\t<\/div>\n\t\t\t\t\t<\/div>\n\t\t<\/section>\n\t\t\t\t<section class=\"elementor-section elementor-top-section elementor-element elementor-element-58aae568 elementor-section-boxed elementor-section-height-default elementor-section-height-default sc_fly_static\" data-id=\"58aae568\" data-element_type=\"section\">\n\t\t\t\t\t\t<div class=\"elementor-container elementor-column-gap-extended\">\n\t\t\t\t\t\t\t<div class=\"elementor-row\">\n\t\t\t\t\t<div class=\"elementor-column elementor-col-100 elementor-top-column elementor-element elementor-element-67da3741 sc_inner_width_none sc_content_align_inherit sc_layouts_column_icons_position_left sc_fly_static\" data-id=\"67da3741\" data-element_type=\"column\">\n\t\t\t<div class=\"elementor-column-wrap elementor-element-populated\">\n\t\t\t\t\t\t\t<div class=\"elementor-widget-wrap\">\n\t\t\t\t\t\t<div class=\"elementor-element elementor-element-12f7b1c2 sc_fly_static elementor-widget elementor-widget-spacer\" data-id=\"12f7b1c2\" data-element_type=\"widget\" data-widget_type=\"spacer.default\">\n\t\t\t\t<div class=\"elementor-widget-container\">\n\t\t\t\t\t<div class=\"elementor-spacer\">\n\t\t\t<div class=\"elementor-spacer-inner\"><\/div>\n\t\t<\/div>\n\t\t\t\t<\/div>\n\t\t\t\t<\/div>\n\t\t\t\t\t\t<\/div>\n\t\t\t\t\t<\/div>\n\t\t<\/div>\n\t\t\t\t\t\t\t\t<\/div>\n\t\t\t\t\t<\/div>\n\t\t<\/section>\n\t\t\t\t\t\t\t\t\t<\/div>\n\t\t\t<\/div>\n\t\t\t\t\t<\/div>","protected":false},"excerpt":{"rendered":"<p>Pol\u00edtica de Privacidade Agradecemos por visitar o site da Landsea. Esta Pol\u00edtica de Privacidade descreve como lidamos com as informa\u00e7\u00f5es pessoais coletadas dos visitantes do nosso site. 1. Informa\u00e7\u00f5es coletadas&hellip;<\/p>","protected":false},"author":1,"featured_media":0,"parent":0,"menu_order":0,"comment_status":"closed","ping_status":"closed","template":"","meta":{"_regular_price":[],"currency_symbol":[],"_themeisle_gutenberg_block_has_review":false,"footnotes":""},"class_list":["post-12954","page","type-page","status-publish","hentry"],"post_slider_layout_featured_media_urls":{"thumbnail":"","post_slider_layout_landscape_large":"","post_slider_layout_portrait_large":"","post_slider_layout_square_large":"","post_slider_layout_landscape":"","post_slider_layout_portrait":"","post_slider_layout_square":"","full":""},"_links":{"self":[{"href":"https:\/\/landsea.pt\/pt\/wp-json\/wp\/v2\/pages\/12954","targetHints":{"allow":["GET"]}}],"collection":[{"href":"https:\/\/landsea.pt\/pt\/wp-json\/wp\/v2\/pages"}],"about":[{"href":"https:\/\/landsea.pt\/pt\/wp-json\/wp\/v2\/types\/page"}],"author":[{"embeddable":true,"href":"https:\/\/landsea.pt\/pt\/wp-json\/wp\/v2\/users\/1"}],"replies":[{"embeddable":true,"href":"https:\/\/landsea.pt\/pt\/wp-json\/wp\/v2\/comments?post=12954"}],"version-history":[{"count":4,"href":"https:\/\/landsea.pt\/pt\/wp-json\/wp\/v2\/pages\/12954\/revisions"}],"predecessor-version":[{"id":20292,"href":"https:\/\/landsea.pt\/pt\/wp-json\/wp\/v2\/pages\/12954\/revisions\/20292"}],"wp:attachment":[{"href":"https:\/\/landsea.pt\/pt\/wp-json\/wp\/v2\/media?parent=12954"}],"curies":[{"name":"wp","href":"https:\/\/api.w.org\/{rel}","templated":true}]}}